{"id":227363,"date":"2021-08-24T11:49:35","date_gmt":"2021-08-24T09:49:35","guid":{"rendered":"https:\/\/www.idr-freiburg.de\/content\/?page_id=227363"},"modified":"2022-01-11T13:46:32","modified_gmt":"2022-01-11T12:46:32","slug":"quellennachweis","status":"publish","type":"page","link":"https:\/\/www.idr-freiburg.de\/content\/quellennachweis\/","title":{"rendered":"Quellennachweis"},"content":{"rendered":"<p>[et_pb_section fb_built=&#8220;1&#8243; fullwidth=&#8220;on&#8220; _builder_version=&#8220;4.14.4&#8243; _module_preset=&#8220;default&#8220; locked=&#8220;off&#8220; global_colors_info=&#8220;{}&#8220;][et_pb_fullwidth_header title=&#8220;Quellennachweis&#8220; _builder_version=&#8220;4.14.4&#8243; _module_preset=&#8220;default&#8220; background_color=&#8220;#9DA7CF&#8220; background_image=&#8220;https:\/\/www.idr-freiburg.de\/content\/wp-content\/uploads\/2021\/01\/fc_book-01.jpg&#8220; background_blend=&#8220;multiply&#8220; height=&#8220;50vh&#8220; custom_padding=&#8220;20vh||||false|false&#8220; filter_saturate=&#8220;10%&#8220; filter_contrast=&#8220;120%&#8220; global_colors_info=&#8220;{}&#8220;][\/et_pb_fullwidth_header][\/et_pb_section][et_pb_section fb_built=&#8220;1&#8243; _builder_version=&#8220;4.10.4&#8243; _module_preset=&#8220;default&#8220; global_colors_info=&#8220;{}&#8220;][et_pb_row column_structure=&#8220;1_2,1_2&#8243; _builder_version=&#8220;4.10.4&#8243; _module_preset=&#8220;default&#8220; width_tablet=&#8220;&#8220; width_phone=&#8220;90%&#8220; width_last_edited=&#8220;on|phone&#8220; global_colors_info=&#8220;{}&#8220;][et_pb_column type=&#8220;1_2&#8243; _builder_version=&#8220;4.10.4&#8243; _module_preset=&#8220;default&#8220; global_colors_info=&#8220;{}&#8220;][et_pb_toggle title=&#8220;Startseite + Praxis + News + Kontakt&#8220; open=&#8220;on&#8220; open_toggle_text_color=&#8220;#000000&#8243; icon_color=&#8220;#000000&#8243; use_icon_font_size=&#8220;on&#8220; icon_font_size=&#8220;22px&#8220; open_icon_color=&#8220;#000000&#8243; open_use_icon_font_size=&#8220;on&#8220; open_icon_font_size=&#8220;22px&#8220; admin_label=&#8220;Umschalter \/ Startseite + Praxis&#8220; _builder_version=&#8220;4.14.5&#8243; _module_preset=&#8220;default&#8220; title_text_color=&#8220;#000000&#8243; title_font_size=&#8220;22px&#8220; closed_title_line_height=&#8220;1em&#8220; body_font_size=&#8220;15px&#8220; body_line_height=&#8220;1.3em&#8220; background_color=&#8220;RGBA(0,0,0,0)&#8220; custom_margin=&#8220;0px||20px||false|false&#8220; custom_padding=&#8220;|0px|30px|0px|false|false&#8220; hover_enabled=&#8220;0&#8243; title_font_size_tablet=&#8220;&#8220; title_font_size_phone=&#8220;18px&#8220; title_font_size_last_edited=&#8220;on|phone&#8220; border_width_all=&#8220;0px&#8220; border_width_bottom=&#8220;1px&#8220; border_color_bottom=&#8220;gcid-0ed248c1-eb15-4424-954a-cbcb8467f2ad&#8220; global_colors_info=&#8220;{%22gcid-0ed248c1-eb15-4424-954a-cbcb8467f2ad%22:%91%22border_color_bottom%22,%22border_color_bottom%22%93}&#8220; sticky_enabled=&#8220;0&#8243;]<\/p>\n<table style=\"height: 320px; width: 100%; border-collapse: collapse; border-color: #aaaaaa; float: left;\" border=\"1\" cellspacing=\"auto\" cellpadding=\"auto\">\n<tbody>\n<tr style=\"border-color: #aaaaaa; height: 30px;\">\n<td style=\"width: 33.2414%; border-color: #aaaaaa; height: 30px;\" width=\"172\">Startseite Titelbild<\/td>\n<td style=\"width: 33.2414%; border-color: #aaaaaa; height: 30px;\" width=\"108\">istock<\/td>\n<td style=\"width: 33.3793%; border-color: #aaaaaa; height: 30px;\" width=\"183\">sturti<\/td>\n<\/tr>\n<tr style=\"border-color: #aaaaaa; height: 30px;\">\n<td style=\"width: 33.2414%; border-color: #aaaaaa; height: 30px;\">Institut Titelbild<\/td>\n<td style=\"width: 33.2414%; border-color: #aaaaaa; height: 30px;\">istock<\/td>\n<td style=\"width: 33.3793%; border-color: #aaaaaa; height: 30px;\">Cecilie_Arcurs<\/td>\n<\/tr>\n<tr style=\"border-color: #aaaaaa; height: 30px;\">\n<td style=\"width: 33.2414%; border-color: #aaaaaa; height: 30px;\">\u00c4rzte Titelbild<\/td>\n<td style=\"width: 33.2414%; border-color: #aaaaaa; height: 30px;\">istock<\/td>\n<td style=\"width: 33.3793%; border-color: #aaaaaa; height: 30px;\">gorodenkoff<\/td>\n<\/tr>\n<tr style=\"height: 30px;\">\n<td style=\"width: 33.2414%; border-color: #aaaaaa; height: 30px;\">\u00c4rzte Zeichnungen<\/td>\n<td style=\"width: 33.2414%; border-color: #aaaaaa; height: 30px;\"><span class=\"s1\">Bella Portraitzeichnung\u00a0<\/span><\/td>\n<td style=\"width: 33.3793%; border-color: #aaaaaa; height: 30px;\"><span class=\"s1\">Simon Feller<\/span><\/td>\n<\/tr>\n<tr style=\"border-color: #aaaaaa; height: 30px;\">\n<td style=\"width: 33.2414%; border-color: #aaaaaa; height: 30px;\">Stellenangebote Titelbild<\/td>\n<td style=\"width: 33.2414%; border-color: #aaaaaa; height: 30px;\">Unsplash<\/td>\n<td style=\"width: 33.3793%; border-color: #aaaaaa; height: 30px;\">warren-wong<\/td>\n<\/tr>\n<tr style=\"border-color: #aaaaaa; height: 30px;\">\n<td style=\"width: 33.2414%; border-color: #aaaaaa; height: 30px;\">News Titelbild<\/td>\n<td style=\"width: 33.2414%; border-color: #aaaaaa; height: 30px;\">Pixabay<\/td>\n<td style=\"width: 33.3793%; border-color: #aaaaaa; height: 30px;\">StockSnap<\/td>\n<\/tr>\n<tr style=\"height: 24px;\">\n<td style=\"width: 33.2414%; border-color: #aaaaaa; height: 24px;\">Download Titelbild<\/td>\n<td style=\"width: 33.2414%; border-color: #aaaaaa; height: 24px;\">Unsplash<\/td>\n<td style=\"width: 33.3793%; border-color: #aaaaaa; height: 24px;\">Thought Catalog<\/td>\n<\/tr>\n<tr style=\"border-color: #aaaaaa; height: 30px;\">\n<td style=\"width: 33.2414%; border-color: #aaaaaa; height: 30px;\">Ausstellung Titelbild<\/td>\n<td style=\"width: 33.2414%; border-color: #aaaaaa; height: 30px;\">Unsplash<\/td>\n<td style=\"width: 33.3793%; border-color: #aaaaaa; height: 30px;\">laura-davidson<\/td>\n<\/tr>\n<tr style=\"border-color: #aaaaaa; height: 30px;\">\n<td style=\"width: 33.2414%; border-color: #aaaaaa; height: 30px;\">Ausstellung Bilderwand<\/td>\n<td style=\"width: 33.2414%; border-color: #aaaaaa; height: 30px;\">Unsplash<\/td>\n<td style=\"width: 33.3793%; border-color: #aaaaaa; height: 30px;\">jonny-caspari<\/td>\n<\/tr>\n<tr style=\"border-color: #aaaaaa; height: 30px;\">\n<td style=\"width: 33.2414%; border-color: #aaaaaa; height: 30px;\">Kontakt Titelbild<\/td>\n<td style=\"width: 33.2414%; border-color: #aaaaaa; height: 30px;\">istock<\/td>\n<td style=\"width: 33.3793%; border-color: #aaaaaa; height: 30px;\">filadendron<\/td>\n<\/tr>\n<\/tbody>\n<\/table>\n<p>&nbsp;<\/p>\n<p>[\/et_pb_toggle][\/et_pb_column][et_pb_column type=&#8220;1_2&#8243; _builder_version=&#8220;4.10.4&#8243; _module_preset=&#8220;default&#8220; global_colors_info=&#8220;{}&#8220;][et_pb_toggle title=&#8220;Leistungen&#8220; open=&#8220;on&#8220; open_toggle_text_color=&#8220;#000000&#8243; icon_color=&#8220;#000000&#8243; use_icon_font_size=&#8220;on&#8220; icon_font_size=&#8220;22px&#8220; open_icon_color=&#8220;#000000&#8243; open_use_icon_font_size=&#8220;on&#8220; open_icon_font_size=&#8220;22px&#8220; admin_label=&#8220;Umschalter \/ Startseite + Praxis&#8220; _builder_version=&#8220;4.14.4&#8243; _module_preset=&#8220;default&#8220; title_text_color=&#8220;#000000&#8243; title_font_size=&#8220;22px&#8220; closed_title_line_height=&#8220;1em&#8220; body_font_size=&#8220;15px&#8220; body_line_height=&#8220;1.3em&#8220; background_color=&#8220;RGBA(0,0,0,0)&#8220; custom_margin=&#8220;0px||20px||false|false&#8220; custom_padding=&#8220;|0px|30px|0px|false|false&#8220; title_font_size_tablet=&#8220;&#8220; title_font_size_phone=&#8220;18px&#8220; title_font_size_last_edited=&#8220;on|phone&#8220; border_width_all=&#8220;0px&#8220; border_width_bottom=&#8220;1px&#8220; border_color_bottom=&#8220;gcid-0ed248c1-eb15-4424-954a-cbcb8467f2ad&#8220; global_colors_info=&#8220;{%22gcid-0ed248c1-eb15-4424-954a-cbcb8467f2ad%22:%91%22border_color_bottom%22%93}&#8220;]<\/p>\n<table style=\"height: 719px; width: 100%; border-collapse: collapse; border-color: #aaaaaa; float: left;\" border=\"1\" cellspacing=\"auto\" cellpadding=\"auto\">\n<tbody>\n<tr style=\"height: 23px; background-color: #ffffff;\">\n<td style=\"width: 33.1586%; background-color: #eeeeee; height: 23px;\"><strong>Leistungen <\/strong>Titelbild Frau<\/td>\n<td style=\"width: 33.2896%; background-color: #eeeeee; height: 23px;\">Unsplash<\/td>\n<td style=\"width: 33.4207%; background-color: #eeeeee; height: 23px;\">marcel strauss<\/td>\n<\/tr>\n<tr style=\"height: 24px; border-color: #aaa; background-color: #eee;\">\n<td style=\"width: 33.1586%; height: 24px; background-color: #eeeeee;\"><strong>MRT<\/strong> Titelbild<\/td>\n<td style=\"width: 33.2896%; height: 24px; background-color: #eeeeee;\">istock<\/td>\n<td style=\"width: 33.4207%; height: 24px; background-color: #eeeeee;\">xijian<\/td>\n<\/tr>\n<tr style=\"height: 24px;\">\n<td style=\"width: 33.1586%; background-color: #ffffff; height: 24px;\">MRT Aera mit Person<\/td>\n<td style=\"width: 33.2896%; background-color: #ffffff; height: 24px;\">CSD<\/td>\n<td style=\"width: 33.4207%; background-color: #ffffff; height: 24px;\">Clemens Sch\u00fcssler<\/td>\n<\/tr>\n<tr style=\"height: 24px;\">\n<td style=\"width: 33.1586%; background-color: #ffffff; height: 24px;\">MRT Untersuchung Hirn<\/td>\n<td style=\"width: 33.2896%; background-color: #ffffff; height: 24px;\">iStock<\/td>\n<td style=\"width: 33.4207%; background-color: #ffffff; height: 24px;\">Movus<\/td>\n<\/tr>\n<tr style=\"height: 24px;\">\n<td style=\"width: 33.1586%; background-color: #ffffff; height: 24px;\">MRT Vorraum Freiburg<\/td>\n<td style=\"width: 33.2896%; background-color: #ffffff; height: 24px;\">beebox<\/td>\n<td style=\"width: 33.4207%; background-color: #ffffff; height: 24px;\">Donald Theijs<\/td>\n<\/tr>\n<tr style=\"height: 24px;\">\n<td style=\"width: 33.1586%; background-color: #ffffff; height: 24px;\">MRT Spiegel<\/td>\n<td style=\"width: 33.2896%; background-color: #ffffff; height: 24px;\">Siemens Healtcare<\/td>\n<td style=\"width: 33.4207%; background-color: #ffffff; height: 24px;\">Siemens Healthineers<\/td>\n<\/tr>\n<tr style=\"height: 24px;\">\n<td style=\"width: 33.1586%; background-color: #ffffff; height: 24px;\">MRT Schwangerschaft<\/td>\n<td style=\"width: 33.2896%; background-color: #ffffff; height: 24px;\">IDR<\/td>\n<td style=\"width: 33.4207%; background-color: #ffffff; height: 24px;\">IDR<\/td>\n<\/tr>\n<tr>\n<td style=\"width: 33.1586%; background-color: #ffffff;\">MRT Aera Raum schr\u00e4g<\/td>\n<td style=\"width: 33.2896%; background-color: #ffffff;\">CSD<\/td>\n<td style=\"width: 33.4207%; background-color: #ffffff;\">Clemens Sch\u00fcssler<\/td>\n<\/tr>\n<tr style=\"height: 24px;\">\n<td style=\"width: 33.1586%; background-color: #ffffff; height: 24px;\">MRT kurze R\u00f6hre<\/td>\n<td style=\"width: 33.2896%; background-color: #ffffff; height: 24px;\">Siemens Healtcare<\/td>\n<td style=\"width: 33.4207%; background-color: #ffffff; height: 24px;\">Siemens Healthineers<\/td>\n<\/tr>\n<tr style=\"height: 24px;\">\n<td style=\"width: 33.1586%; background-color: #ffffff; height: 24px;\">MRT Aufnahmen Bandscheibe<\/td>\n<td style=\"width: 33.2896%; background-color: #ffffff; height: 24px;\">IDR<\/td>\n<td style=\"width: 33.4207%; background-color: #ffffff; height: 24px;\">IDR<\/td>\n<\/tr>\n<tr>\n<td style=\"width: 33.1586%; background-color: #ffffff;\">MRT Innenminiskus<\/td>\n<td style=\"width: 33.2896%; background-color: #ffffff;\">IDR<\/td>\n<td style=\"width: 33.4207%; background-color: #ffffff;\">IDR<\/td>\n<\/tr>\n<tr style=\"height: 24px;\">\n<td style=\"width: 33.1586%; background-color: #ffffff; height: 24px;\">MRT Aera Raum frontal<\/td>\n<td style=\"width: 33.2896%; background-color: #ffffff; height: 24px;\">beebox<\/td>\n<td style=\"width: 33.4207%; background-color: #ffffff; height: 24px;\">Donald Theijs<\/td>\n<\/tr>\n<tr style=\"height: 24px;\">\n<td style=\"width: 33.1586%; background-color: #ffffff; height: 24px;\">Ganzk\u00f6rper MRT<\/td>\n<td style=\"width: 33.2896%; background-color: #ffffff; height: 24px;\">IDR<\/td>\n<td style=\"width: 33.4207%; background-color: #ffffff; height: 24px;\">IDR<\/td>\n<\/tr>\n<tr style=\"height: 24px;\">\n<td style=\"width: 33.1586%; background-color: #ffffff; height: 24px;\">MR Sellink<\/td>\n<td style=\"width: 33.2896%; background-color: #ffffff; height: 24px;\">IDR<\/td>\n<td style=\"width: 33.4207%; background-color: #ffffff; height: 24px;\">IDR<\/td>\n<\/tr>\n<tr style=\"height: 24px;\">\n<td style=\"width: 33.1586%; background-color: #ffffff; height: 24px;\">Cardio MRT<\/td>\n<td style=\"width: 33.2896%; background-color: #ffffff; height: 24px;\">IDR<\/td>\n<td style=\"width: 33.4207%; background-color: #ffffff; height: 24px;\">IDR<\/td>\n<\/tr>\n<tr style=\"height: 24px;\">\n<td style=\"width: 33.1586%; background-color: #ffffff; height: 24px;\">MRT Prostata<\/td>\n<td style=\"width: 33.2896%; background-color: #ffffff; height: 24px;\">istock<\/td>\n<td style=\"width: 33.4207%; background-color: #ffffff; height: 24px;\">Shidlovski<\/td>\n<\/tr>\n<tr style=\"height: 24px;\">\n<td style=\"width: 33.1586%; background-color: #ffffff; height: 24px;\">MRT Gef\u00e4\u00dfe<\/td>\n<td style=\"width: 33.2896%; background-color: #ffffff; height: 24px;\">IDR<\/td>\n<td style=\"width: 33.4207%; background-color: #ffffff; height: 24px;\">IDR<\/td>\n<\/tr>\n<tr style=\"height: 24px;\">\n<td style=\"width: 33.1586%; height: 24px; background-color: #eeeeee;\" width=\"172\"><strong>CT<\/strong> Titelbild<\/td>\n<td style=\"width: 33.2896%; height: 24px; background-color: #eeeeee;\" width=\"108\">istock<\/td>\n<td style=\"width: 33.4207%; height: 24px; background-color: #eeeeee;\" width=\"183\">peakSTOCK<\/td>\n<\/tr>\n<tr style=\"height: 24px;\">\n<td style=\"width: 33.1586%; background-color: #ffffff; height: 24px;\">CT Raum IDR Freiburg 1<\/td>\n<td style=\"width: 33.2896%; background-color: #ffffff; height: 24px;\">beebox<\/td>\n<td style=\"width: 33.4207%; background-color: #ffffff; height: 24px;\">Donald Theijs<\/td>\n<\/tr>\n<tr style=\"height: 24px;\">\n<td style=\"width: 33.1586%; background-color: #ffffff; height: 24px;\">Frau liegt im CT<\/td>\n<td style=\"width: 33.2896%; background-color: #ffffff; height: 24px;\">istock<\/td>\n<td style=\"width: 33.4207%; background-color: #ffffff; height: 24px;\">LightFeldStudios<\/td>\n<\/tr>\n<tr style=\"height: 24px;\">\n<td style=\"width: 33.1586%; background-color: #ffffff; height: 24px;\">CT Raum IDR Freiburg 2<\/td>\n<td style=\"width: 33.2896%; background-color: #ffffff; height: 24px;\">beebox<\/td>\n<td style=\"width: 33.4207%; background-color: #ffffff; height: 24px;\">Donald Theijs<\/td>\n<\/tr>\n<tr style=\"height: 24px;\">\n<td style=\"width: 33.1586%; background-color: #ffffff; height: 24px;\">CT Raum IDR Freiburg 3<\/td>\n<td style=\"width: 33.2896%; background-color: #ffffff; height: 24px;\">beebox<\/td>\n<td style=\"width: 33.4207%; background-color: #ffffff; height: 24px;\">Donald Theijs<\/td>\n<\/tr>\n<tr>\n<td style=\"width: 33.1586%; background-color: #ffffff;\">CT Herz-Coronar<\/td>\n<td style=\"width: 33.2896%; background-color: #ffffff;\">iStock<\/td>\n<td style=\"width: 33.4207%; background-color: #ffffff;\">windcatcher<\/td>\n<\/tr>\n<tr style=\"height: 23px; background-color: #eeeeee;\">\n<td style=\"width: 33.1586%; height: 23px;\" width=\"166\"><strong>R\u00f6ntgen<\/strong> Titelbild<\/td>\n<td style=\"width: 33.2896%; height: 23px;\" width=\"124\">istock<\/td>\n<td style=\"width: 33.4207%; height: 23px;\" width=\"137\">SolStock<\/td>\n<\/tr>\n<tr style=\"background-color: #ffffffff;\">\n<td style=\"width: 33.1586%; height: 10px;\">R\u00f6ntgenger\u00e4t frontal<\/td>\n<td style=\"width: 33.2896%; height: 10px;\">FujiFilm Germany<\/td>\n<td style=\"width: 33.4207%; height: 10px;\">FujiFilm Europe<\/td>\n<\/tr>\n<tr style=\"background-color: #ffffffff;\">\n<td style=\"width: 33.1586%; height: 23px;\">R\u00f6ntgenger\u00e4t schr\u00e4g<\/td>\n<td style=\"width: 33.2896%; height: 23px;\">FujiFilm Germany<\/td>\n<td style=\"width: 33.4207%; height: 23px;\">FujiFilm Europe<\/td>\n<\/tr>\n<tr style=\"background-color: #ffffffff;\">\n<td style=\"width: 33.1586%; height: 23px;\">R\u00f6ntgenaufnahme Hand<\/td>\n<td style=\"width: 33.2896%; height: 23px;\">IDR<\/td>\n<td style=\"width: 33.4207%; height: 23px;\">IDR<\/td>\n<\/tr>\n<tr style=\"background-color: #ffffffff;\">\n<td style=\"width: 33.1586%; height: 23px;\">R\u00f6ntgenaufnahme Lunge<\/td>\n<td style=\"width: 33.2896%; height: 23px;\">IDR<\/td>\n<td style=\"width: 33.4207%; height: 23px;\">IDR<\/td>\n<\/tr>\n<tr style=\"height: 23px; background-color: #eeeeee;\">\n<td style=\"width: 33.1586%; height: 23px;\" width=\"166\"><strong>Ultraschall<\/strong> Titelbild<\/td>\n<td style=\"width: 33.2896%; height: 23px;\" width=\"124\">istock<\/td>\n<td style=\"width: 33.4207%; height: 23px;\" width=\"137\">InsideCreativeHouse<\/td>\n<\/tr>\n<tr style=\"background-color: #fffffffff;\">\n<td style=\"width: 33.1586%; height: 23px;\">Ultraschall Brust<\/td>\n<td style=\"width: 33.2896%; height: 23px;\">istock<\/td>\n<td style=\"width: 33.4207%; height: 23px;\">familyfestyle<\/td>\n<\/tr>\n<tr style=\"background-color: #fffffffff;\">\n<td style=\"width: 33.1586%; height: 23px;\">Ultraschall Bauch<\/td>\n<td style=\"width: 33.2896%; height: 23px;\">istock<\/td>\n<td style=\"width: 33.4207%; height: 23px;\">Inside Creative House<\/td>\n<\/tr>\n<tr style=\"background-color: #fffffffff;\">\n<td style=\"width: 33.1586%; height: 23px;\">Ultraschall Ger\u00e4t<\/td>\n<td style=\"width: 33.2896%; height: 23px;\">fotolia<\/td>\n<td style=\"width: 33.4207%; height: 23px;\">zayacsk<\/td>\n<\/tr>\n<tr style=\"height: 23px; background-color: #eeeeee;\">\n<td style=\"width: 33.1586%; height: 23px;\" width=\"166\"><strong>Weitere Leistungen<\/strong> Titelbild<\/td>\n<td style=\"width: 33.2896%; height: 23px;\" width=\"124\">istock<\/td>\n<td style=\"width: 33.4207%; height: 23px;\" width=\"137\">xavierarnau<\/td>\n<\/tr>\n<tr style=\"height: 23px;\">\n<td style=\"width: 33.1586%; height: 23px;\">\u00a0<\/td>\n<td style=\"width: 33.2896%; height: 23px;\">\u00a0<\/td>\n<td style=\"width: 33.4207%; height: 23px;\">\u00a0<\/td>\n<\/tr>\n<\/tbody>\n<\/table>\n<p>&nbsp;<\/p>\n<p>[\/et_pb_toggle][\/et_pb_column][\/et_pb_row][\/et_pb_section]<\/p>\n","protected":false},"excerpt":{"rendered":"<p>Startseite Titelbild istock sturti Institut Titelbild istock Cecilie_Arcurs \u00c4rzte Titelbild istock gorodenkoff \u00c4rzte Zeichnungen Bella Portraitzeichnung\u00a0 Simon Feller Stellenangebote Titelbild Unsplash warren-wong News Titelbild Pixabay StockSnap Download Titelbild Unsplash Thought Catalog Ausstellung Titelbild Unsplash laura-davidson Ausstellung Bilderwand Unsplash jonny-caspari Kontakt Titelbild istock filadendron &nbsp; Leistungen Titelbild Frau Unsplash marcel strauss MRT Titelbild istock xijian MRT Aera mit Person CSD Clemens Sch\u00fcssler MRT Untersuchung Hirn iStock Movus MRT Vorraum Freiburg beebox Donald Theijs MRT Spiegel Siemens Healtcare Siemens Healthineers MRT Schwangerschaft IDR IDR MRT Aera Raum schr\u00e4g CSD Clemens Sch\u00fcssler MRT kurze R\u00f6hre Siemens Healtcare Siemens Healthineers MRT Aufnahmen Bandscheibe IDR IDR MRT Innenminiskus IDR IDR MRT Aera Raum frontal beebox Donald Theijs Ganzk\u00f6rper MRT IDR IDR MR Sellink IDR IDR Cardio MRT IDR IDR MRT Prostata istock Shidlovski MRT Gef\u00e4\u00dfe IDR IDR CT Titelbild istock peakSTOCK CT Raum IDR Freiburg 1 beebox Donald Theijs Frau liegt im CT istock LightFeldStudios CT Raum IDR Freiburg 2 beebox Donald Theijs CT Raum IDR Freiburg 3 beebox Donald Theijs CT Herz-Coronar iStock windcatcher R\u00f6ntgen Titelbild istock SolStock R\u00f6ntgenger\u00e4t frontal FujiFilm Germany FujiFilm Europe R\u00f6ntgenger\u00e4t schr\u00e4g FujiFilm Germany FujiFilm Europe R\u00f6ntgenaufnahme Hand IDR IDR R\u00f6ntgenaufnahme Lunge IDR IDR Ultraschall Titelbild istock InsideCreativeHouse Ultraschall Brust [&hellip;]<\/p>\n","protected":false},"author":2,"featured_media":0,"parent":0,"menu_order":31,"comment_status":"closed","ping_status":"closed","template":"","meta":{"_et_pb_use_builder":"on","_et_pb_old_content":"","_et_gb_content_width":"","footnotes":""},"class_list":["post-227363","page","type-page","status-publish","hentry"],"_links":{"self":[{"href":"https:\/\/www.idr-freiburg.de\/content\/wp-json\/wp\/v2\/pages\/227363","targetHints":{"allow":["GET"]}}],"collection":[{"href":"https:\/\/www.idr-freiburg.de\/content\/wp-json\/wp\/v2\/pages"}],"about":[{"href":"https:\/\/www.idr-freiburg.de\/content\/wp-json\/wp\/v2\/types\/page"}],"author":[{"embeddable":true,"href":"https:\/\/www.idr-freiburg.de\/content\/wp-json\/wp\/v2\/users\/2"}],"replies":[{"embeddable":true,"href":"https:\/\/www.idr-freiburg.de\/content\/wp-json\/wp\/v2\/comments?post=227363"}],"version-history":[{"count":1,"href":"https:\/\/www.idr-freiburg.de\/content\/wp-json\/wp\/v2\/pages\/227363\/revisions"}],"predecessor-version":[{"id":237661,"href":"https:\/\/www.idr-freiburg.de\/content\/wp-json\/wp\/v2\/pages\/227363\/revisions\/237661"}],"wp:attachment":[{"href":"https:\/\/www.idr-freiburg.de\/content\/wp-json\/wp\/v2\/media?parent=227363"}],"curies":[{"name":"wp","href":"https:\/\/api.w.org\/{rel}","templated":true}]}}